{"id":1005,"date":"2022-06-27T12:14:07","date_gmt":"2022-06-27T10:14:07","guid":{"rendered":"https:\/\/sunnyvacation365.com\/o-nama\/"},"modified":"2025-09-03T14:20:24","modified_gmt":"2025-09-03T12:20:24","slug":"o-nama","status":"publish","type":"page","link":"https:\/\/sunnyvacation365.com\/cfgvhbngthztvcfx34\/hr\/o-nama\/","title":{"rendered":"O nama"},"content":{"rendered":"<p>Sunny Vacation je otvorio novo poglavlje u razvoju, u kojem tradicija i toplina Sunny Vacation \u017eive dalje, ali sada uz podr\u0161ku Irundo znanja, iskustva i standarda. Po\u010detkom 2025. Irundo je preuzeo Sunny Vacation \u2013 na\u0161a misija ostaje ista \u2013 pru\u017eiti vam bezbri\u017ean i autenti\u010dan odmor.<\/p>\n<p>S jo\u0161 \u0161irom ponudom i bolje uskla\u0111enim procesima, \u017eelimo da va\u0161 boravak bude \u0161to jednostavniji, ugodniji i posebniji. Bilo da dolazite na kra\u0107i city break ili du\u017ei boravak na obali, na\u0161 tim je tu da se pobrine za sve detalje.<\/p>\n<p>Dobrodo\u0161li u novu pri\u010du Sunny Vacation by Irundo \u2013 mjesto gdje se iskustvo spaja s gostoprimstvom!<\/p>\n","protected":false},"excerpt":{"rendered":"<p>Sunny Vacation je otvorio novo poglavlje u razvoju, u kojem tradicija i toplina Sunny Vacation \u017eive dalje, ali sada uz podr\u0161ku Irundo znanja, iskustva i standarda&#8230;.<\/p>\n","protected":false},"author":1,"featured_media":2446,"parent":0,"menu_order":8,"comment_status":"closed","ping_status":"closed","template":"page-about.php","meta":{"_acf_changed":false,"inline_featured_image":false,"footnotes":""},"class_list":["post-1005","page","type-page","status-publish","has-post-thumbnail","hentry"],"acf":[],"yoast_head":"<!-- This site is optimized with the Yoast SEO plugin v25.8 - https:\/\/yoast.com\/wordpress\/plugins\/seo\/ -->\n<title>O nama - Sunny Vacation 365<\/title>\n<meta name=\"robots\" content=\"noindex, follow, max-snippet:-1, max-image-preview:large, max-video-preview:-1\" \/>\n<meta property=\"og:locale\" content=\"hr_HR\" \/>\n<meta property=\"og:type\" content=\"article\" \/>\n<meta property=\"og:title\" content=\"O nama - Sunny Vacation 365\" \/>\n<meta property=\"og:description\" content=\"Sunny Vacation je otvorio novo poglavlje u razvoju, u kojem tradicija i toplina Sunny Vacation \u017eive dalje, ali sada uz podr\u0161ku Irundo znanja, iskustva i standarda....\" \/>\n<meta property=\"og:url\" content=\"https:\/\/sunnyvacation365.com\/cfgvhbngthztvcfx34\/hr\/o-nama\/\" \/>\n<meta property=\"og:site_name\" content=\"Sunny Vacation 365\" \/>\n<meta property=\"article:publisher\" content=\"https:\/\/www.facebook.com\/ApartmentsRijeka\/\" \/>\n<meta property=\"article:modified_time\" content=\"2025-09-03T12:20:24+00:00\" \/>\n<meta property=\"og:image\" content=\"https:\/\/sunnyvacation365.com\/cfgvhbngthztvcfx34\/wp-content\/uploads\/images-1.jpg\" \/>\n\t<meta property=\"og:image:width\" content=\"225\" \/>\n\t<meta property=\"og:image:height\" content=\"225\" \/>\n\t<meta property=\"og:image:type\" content=\"image\/jpeg\" \/>\n<meta name=\"twitter:card\" content=\"summary_large_image\" \/>\n<meta name=\"twitter:label1\" content=\"Procijenjeno vrijeme \u010ditanja\" \/>\n\t<meta name=\"twitter:data1\" content=\"1 minuta\" \/>\n<script type=\"application\/ld+json\" class=\"yoast-schema-graph\">{\"@context\":\"https:\/\/schema.org\",\"@graph\":[{\"@type\":\"WebPage\",\"@id\":\"https:\/\/sunnyvacation365.com\/cfgvhbngthztvcfx34\/hr\/o-nama\/\",\"url\":\"https:\/\/sunnyvacation365.com\/cfgvhbngthztvcfx34\/hr\/o-nama\/\",\"name\":\"O nama - Sunny Vacation 365\",\"isPartOf\":{\"@id\":\"https:\/\/sunnyvacation365.com\/cfgvhbngthztvcfx34\/hr\/#website\"},\"primaryImageOfPage\":{\"@id\":\"https:\/\/sunnyvacation365.com\/cfgvhbngthztvcfx34\/hr\/o-nama\/#primaryimage\"},\"image\":{\"@id\":\"https:\/\/sunnyvacation365.com\/cfgvhbngthztvcfx34\/hr\/o-nama\/#primaryimage\"},\"thumbnailUrl\":\"https:\/\/sunnyvacation365.com\/cfgvhbngthztvcfx34\/wp-content\/uploads\/images-1.jpg\",\"datePublished\":\"2022-06-27T10:14:07+00:00\",\"dateModified\":\"2025-09-03T12:20:24+00:00\",\"breadcrumb\":{\"@id\":\"https:\/\/sunnyvacation365.com\/cfgvhbngthztvcfx34\/hr\/o-nama\/#breadcrumb\"},\"inLanguage\":\"hr\",\"potentialAction\":[{\"@type\":\"ReadAction\",\"target\":[\"https:\/\/sunnyvacation365.com\/cfgvhbngthztvcfx34\/hr\/o-nama\/\"]}]},{\"@type\":\"ImageObject\",\"inLanguage\":\"hr\",\"@id\":\"https:\/\/sunnyvacation365.com\/cfgvhbngthztvcfx34\/hr\/o-nama\/#primaryimage\",\"url\":\"https:\/\/sunnyvacation365.com\/cfgvhbngthztvcfx34\/wp-content\/uploads\/images-1.jpg\",\"contentUrl\":\"https:\/\/sunnyvacation365.com\/cfgvhbngthztvcfx34\/wp-content\/uploads\/images-1.jpg\",\"width\":225,\"height\":225},{\"@type\":\"BreadcrumbList\",\"@id\":\"https:\/\/sunnyvacation365.com\/cfgvhbngthztvcfx34\/hr\/o-nama\/#breadcrumb\",\"itemListElement\":[{\"@type\":\"ListItem\",\"position\":1,\"name\":\"Home\",\"item\":\"https:\/\/sunnyvacation365.com\/cfgvhbngthztvcfx34\/hr\/\"},{\"@type\":\"ListItem\",\"position\":2,\"name\":\"O nama\"}]},{\"@type\":\"WebSite\",\"@id\":\"https:\/\/sunnyvacation365.com\/cfgvhbngthztvcfx34\/hr\/#website\",\"url\":\"https:\/\/sunnyvacation365.com\/cfgvhbngthztvcfx34\/hr\/\",\"name\":\"Sunny Vacation 365\",\"description\":\"\",\"publisher\":{\"@id\":\"https:\/\/sunnyvacation365.com\/cfgvhbngthztvcfx34\/hr\/#organization\"},\"potentialAction\":[{\"@type\":\"SearchAction\",\"target\":{\"@type\":\"EntryPoint\",\"urlTemplate\":\"https:\/\/sunnyvacation365.com\/cfgvhbngthztvcfx34\/hr\/?s={search_term_string}\"},\"query-input\":{\"@type\":\"PropertyValueSpecification\",\"valueRequired\":true,\"valueName\":\"search_term_string\"}}],\"inLanguage\":\"hr\"},{\"@type\":\"Organization\",\"@id\":\"https:\/\/sunnyvacation365.com\/cfgvhbngthztvcfx34\/hr\/#organization\",\"name\":\"Sunny Vacation 365\",\"url\":\"https:\/\/sunnyvacation365.com\/cfgvhbngthztvcfx34\/hr\/\",\"logo\":{\"@type\":\"ImageObject\",\"inLanguage\":\"hr\",\"@id\":\"https:\/\/sunnyvacation365.com\/cfgvhbngthztvcfx34\/hr\/#\/schema\/logo\/image\/\",\"url\":\"https:\/\/sunnyvacation365.com\/wp-content\/uploads\/sunny_logo.jpg\",\"contentUrl\":\"https:\/\/sunnyvacation365.com\/wp-content\/uploads\/sunny_logo.jpg\",\"width\":1550,\"height\":560,\"caption\":\"Sunny Vacation 365\"},\"image\":{\"@id\":\"https:\/\/sunnyvacation365.com\/cfgvhbngthztvcfx34\/hr\/#\/schema\/logo\/image\/\"},\"sameAs\":[\"https:\/\/www.facebook.com\/ApartmentsRijeka\/\"]}]}<\/script>\n<!-- \/ Yoast SEO plugin. -->","yoast_head_json":{"title":"O nama - Sunny Vacation 365","robots":{"index":"noindex","follow":"follow","max-snippet":"max-snippet:-1","max-image-preview":"max-image-preview:large","max-video-preview":"max-video-preview:-1"},"og_locale":"hr_HR","og_type":"article","og_title":"O nama - Sunny Vacation 365","og_description":"Sunny Vacation je otvorio novo poglavlje u razvoju, u kojem tradicija i toplina Sunny Vacation \u017eive dalje, ali sada uz podr\u0161ku Irundo znanja, iskustva i standarda....","og_url":"https:\/\/sunnyvacation365.com\/cfgvhbngthztvcfx34\/hr\/o-nama\/","og_site_name":"Sunny Vacation 365","article_publisher":"https:\/\/www.facebook.com\/ApartmentsRijeka\/","article_modified_time":"2025-09-03T12:20:24+00:00","og_image":[{"width":225,"height":225,"url":"https:\/\/sunnyvacation365.com\/cfgvhbngthztvcfx34\/wp-content\/uploads\/images-1.jpg","type":"image\/jpeg"}],"twitter_card":"summary_large_image","twitter_misc":{"Procijenjeno vrijeme \u010ditanja":"1 minuta"},"schema":{"@context":"https:\/\/schema.org","@graph":[{"@type":"WebPage","@id":"https:\/\/sunnyvacation365.com\/cfgvhbngthztvcfx34\/hr\/o-nama\/","url":"https:\/\/sunnyvacation365.com\/cfgvhbngthztvcfx34\/hr\/o-nama\/","name":"O nama - Sunny Vacation 365","isPartOf":{"@id":"https:\/\/sunnyvacation365.com\/cfgvhbngthztvcfx34\/hr\/#website"},"primaryImageOfPage":{"@id":"https:\/\/sunnyvacation365.com\/cfgvhbngthztvcfx34\/hr\/o-nama\/#primaryimage"},"image":{"@id":"https:\/\/sunnyvacation365.com\/cfgvhbngthztvcfx34\/hr\/o-nama\/#primaryimage"},"thumbnailUrl":"https:\/\/sunnyvacation365.com\/cfgvhbngthztvcfx34\/wp-content\/uploads\/images-1.jpg","datePublished":"2022-06-27T10:14:07+00:00","dateModified":"2025-09-03T12:20:24+00:00","breadcrumb":{"@id":"https:\/\/sunnyvacation365.com\/cfgvhbngthztvcfx34\/hr\/o-nama\/#breadcrumb"},"inLanguage":"hr","potentialAction":[{"@type":"ReadAction","target":["https:\/\/sunnyvacation365.com\/cfgvhbngthztvcfx34\/hr\/o-nama\/"]}]},{"@type":"ImageObject","inLanguage":"hr","@id":"https:\/\/sunnyvacation365.com\/cfgvhbngthztvcfx34\/hr\/o-nama\/#primaryimage","url":"https:\/\/sunnyvacation365.com\/cfgvhbngthztvcfx34\/wp-content\/uploads\/images-1.jpg","contentUrl":"https:\/\/sunnyvacation365.com\/cfgvhbngthztvcfx34\/wp-content\/uploads\/images-1.jpg","width":225,"height":225},{"@type":"BreadcrumbList","@id":"https:\/\/sunnyvacation365.com\/cfgvhbngthztvcfx34\/hr\/o-nama\/#breadcrumb","itemListElement":[{"@type":"ListItem","position":1,"name":"Home","item":"https:\/\/sunnyvacation365.com\/cfgvhbngthztvcfx34\/hr\/"},{"@type":"ListItem","position":2,"name":"O nama"}]},{"@type":"WebSite","@id":"https:\/\/sunnyvacation365.com\/cfgvhbngthztvcfx34\/hr\/#website","url":"https:\/\/sunnyvacation365.com\/cfgvhbngthztvcfx34\/hr\/","name":"Sunny Vacation 365","description":"","publisher":{"@id":"https:\/\/sunnyvacation365.com\/cfgvhbngthztvcfx34\/hr\/#organization"},"potentialAction":[{"@type":"SearchAction","target":{"@type":"EntryPoint","urlTemplate":"https:\/\/sunnyvacation365.com\/cfgvhbngthztvcfx34\/hr\/?s={search_term_string}"},"query-input":{"@type":"PropertyValueSpecification","valueRequired":true,"valueName":"search_term_string"}}],"inLanguage":"hr"},{"@type":"Organization","@id":"https:\/\/sunnyvacation365.com\/cfgvhbngthztvcfx34\/hr\/#organization","name":"Sunny Vacation 365","url":"https:\/\/sunnyvacation365.com\/cfgvhbngthztvcfx34\/hr\/","logo":{"@type":"ImageObject","inLanguage":"hr","@id":"https:\/\/sunnyvacation365.com\/cfgvhbngthztvcfx34\/hr\/#\/schema\/logo\/image\/","url":"https:\/\/sunnyvacation365.com\/wp-content\/uploads\/sunny_logo.jpg","contentUrl":"https:\/\/sunnyvacation365.com\/wp-content\/uploads\/sunny_logo.jpg","width":1550,"height":560,"caption":"Sunny Vacation 365"},"image":{"@id":"https:\/\/sunnyvacation365.com\/cfgvhbngthztvcfx34\/hr\/#\/schema\/logo\/image\/"},"sameAs":["https:\/\/www.facebook.com\/ApartmentsRijeka\/"]}]}},"_links":{"self":[{"href":"https:\/\/sunnyvacation365.com\/cfgvhbngthztvcfx34\/hr\/wp-json\/wp\/v2\/pages\/1005","targetHints":{"allow":["GET"]}}],"collection":[{"href":"https:\/\/sunnyvacation365.com\/cfgvhbngthztvcfx34\/hr\/wp-json\/wp\/v2\/pages"}],"about":[{"href":"https:\/\/sunnyvacation365.com\/cfgvhbngthztvcfx34\/hr\/wp-json\/wp\/v2\/types\/page"}],"author":[{"embeddable":true,"href":"https:\/\/sunnyvacation365.com\/cfgvhbngthztvcfx34\/hr\/wp-json\/wp\/v2\/users\/1"}],"replies":[{"embeddable":true,"href":"https:\/\/sunnyvacation365.com\/cfgvhbngthztvcfx34\/hr\/wp-json\/wp\/v2\/comments?post=1005"}],"version-history":[{"count":6,"href":"https:\/\/sunnyvacation365.com\/cfgvhbngthztvcfx34\/hr\/wp-json\/wp\/v2\/pages\/1005\/revisions"}],"predecessor-version":[{"id":2452,"href":"https:\/\/sunnyvacation365.com\/cfgvhbngthztvcfx34\/hr\/wp-json\/wp\/v2\/pages\/1005\/revisions\/2452"}],"wp:featuredmedia":[{"embeddable":true,"href":"https:\/\/sunnyvacation365.com\/cfgvhbngthztvcfx34\/hr\/wp-json\/wp\/v2\/media\/2446"}],"wp:attachment":[{"href":"https:\/\/sunnyvacation365.com\/cfgvhbngthztvcfx34\/hr\/wp-json\/wp\/v2\/media?parent=1005"}],"curies":[{"name":"wp","href":"https:\/\/api.w.org\/{rel}","templated":true}]}}