{"id":1009,"date":"2022-07-15T10:19:23","date_gmt":"2022-07-15T08:19:23","guid":{"rendered":"https:\/\/sunnyvacation365.com\/pravila-privatnosti-i-kolacici\/"},"modified":"2022-08-08T16:12:16","modified_gmt":"2022-08-08T14:12:16","slug":"pravila-privatnosti","status":"publish","type":"page","link":"https:\/\/sunnyvacation365.com\/cfgvhbngthztvcfx34\/hr\/pravila-privatnosti\/","title":{"rendered":"Pravila privatnosti i kola\u010di\u0107i"},"content":{"rendered":"<h4>Kratki pregled<\/h4>\n<p>SunnyVacation365.com se zala\u017ee za za\u0161titu i po\u0161tivanje va\u0161e privatnosti.<\/p>\n<p>Ovdje \u0107ete prona\u0107i informacije o za\u0161titi podataka i praksama koje se koriste na ovoj web stranici, a posebno:<\/p>\n<ul>\n<li>\u0160to su kola\u010di\u0107i<\/li>\n<li>Koji osobni podaci se prikupljaju<\/li>\n<li>Ugra\u0111eni sadr\u017eaji s drugih web-stranica<\/li>\n<li>Analitika<\/li>\n<li>Kako se te informacije upotrebljavaju<\/li>\n<li>Na\u0161a pravila o dijeljenju prikupljenih informacija<\/li>\n<li>Kako \u0161titimo va\u0161e podatke<\/li>\n<li>Ispravka i\/ili brisanje podataka<\/li>\n<\/ul>\n<h4>\u0160to su kola\u010di\u0107i?<\/h4>\n<p>Na internetu se pojavljuju nove tehnologije koje nam poma\u017eu u pru\u017eanju prilago\u0111enih iskustava posjetitelja. Konkretno, tu je tehnologija pod nazivom &#8220;kola\u010di\u0107i&#8221;. Kola\u010di\u0107e koristimo kako bi bili u mogu\u0107nosti ponuditi vam prilago\u0111ene informacija na na\u0161oj web stranici.<\/p>\n<p>Kola\u010di\u0107 je podatak kojeg web stranica mo\u017ee poslati va\u0161em pregledniku, koji ga mo\u017ee pohraniti u va\u0161em sustavu. Kola\u010di\u0107i nam omogu\u0107uju da shvatimo tko je vidio koje stranice, kako bi imali uvid koliko \u010desto se posje\u0107uju pojedine stranice i kako bi mogli odrediti najpopularnija podru\u010dja na\u0161e web stranice.<\/p>\n<p>Ovisno o vrsti, kola\u010di\u0107i poma\u017eu na\u0161im web stranicama u pru\u017eanju \u0161to kvalitetnijeg korisni\u010dkog iskustva, na primjer, trajni kola\u010di\u0107i omogu\u0107uju vam da spremite zaporku tako da je ne morate ponovno unositi svaki put kada posjetite na\u0161u web stranicu.<\/p>\n<p>Kori\u0161tenjem SunnyVacation365.com web stranice prihva\u0107ate kori\u0161tenje kola\u010di\u0107a; ako niste zadovoljni upotrebom kola\u010di\u0107a, preporu\u010dujemo pregledavanje pomo\u0107u privatnog ili anonimnog prozora u pregledniku ili ru\u010dnog brisanja kola\u010di\u0107a nakon posjeta.<\/p>\n<p>Vi\u0161e informacija o kola\u010di\u0107ima potra\u017eite <a href=\"https:\/\/hr.wikipedia.org\/wiki\/HTTP_kola%C4%8Di%C4%87i\" target=\"_blank\" rel=\"noopener\">OVDJE<\/a>. Imajte na umu da SunnyVacation365.com ne odgovara za sadr\u017eaj vanjskih web stranica.<\/p>\n<h4>Jednostavno poja\u0161njenje<\/h4>\n<p>Va\u0161u privatnost shva\u0107amo vrlo ozbiljno.<\/p>\n<p>Kori\u0161tenje kola\u010di\u0107a ne zna\u010di da vas doslovno pratimo kao osobu.<\/p>\n<p>Ako nam po\u0161aljete e-po\u0161tu putem obrasca za kontakt, va\u0161e ime, adresa e-po\u0161te i poruka bit \u0107e nam poslani e-po\u0161tom (kao \u0161to je i za o\u010dekivati). Te se informacije \u010duvaju u tajnosti. Mi \u0107emo te podatke pohraniti u vlastiti sustav e-po\u0161te kako bismo mogli odgovoriti na va\u0161u e-po\u0161tu.<\/p>\n<p>Ako koristite sustav za objavljivanje komentara na ovoj web stranici, va\u0161e ime, adresa e-po\u0161te, IP adresa i poruka bit \u0107e pohranjeni u na\u0161oj bazi podataka web stranice jer to \u010dini da va\u0161e ime, adresa web stranice i komentar (ali ne i va\u0161a adresa e-po\u0161te) budu vidljivi na web stranici.<\/p>\n<p>Web stranica koristi neke kola\u010di\u0107e dok je pregledavate kako bi vam se osigurao pravilan rad ove web stranice, a tako\u0111er nam poma\u017eu da pobolj\u0161amo va\u0161e iskustvo prilikom pregledavanja.<\/p>\n<p>NITI JEDNA INFORMACIJA KOJU PRIKUPIMO PUTEM KOLA\u010cI\u0106A VAS NE PREPOZNAJE KAO POJEDINCA &#8211; SVE JE U POTPUNOSTI ANONIMNO.<\/p>\n<h4>Ugra\u0111eni sadr\u017eaji s drugih web-stranica<\/h4>\n<p>Objave na ovoj web-stranici mogu sadr\u017eavati ugra\u0111eni sadr\u017eaj (npr. video, slike, itd.). Ugra\u0111eni sadr\u017eaj sa drugih web-stranica pona\u0161a se istovjetno kao da je posjetitelj posjetio tu drugu web-stranicu.<\/p>\n<p>Ove web-stranice mo\u017eda prikupljaju podatke o vama, koriste kola\u010di\u0107e, imaju ugra\u0111eno dodatno pra\u0107enje od tre\u0107ih strana, i nadgledaju va\u0161u interakciju s tim ugra\u0111enim sadr\u017eajem, uklju\u010duju\u0107i pra\u0107enje va\u0161e interakcije s ugra\u0111enim sadr\u017eajem ako imate ra\u010dun i prijavljeni ste na web-stranici.<\/p>\n<h4>Analitika<\/h4>\n<p>Kako bismo pratili aktivnosi na na\u0161oj web stranici, koristimo Google Analitiku. Ukoliko se \u017eelite isklju\u010diti iz pra\u0107enja ove vrste, to mo\u017eete u\u010diniti u postavkama va\u0161eg preglednika.<\/p>\n<h4>Kako koristimo prikupljene informacije<\/h4>\n<p>Ako ste je odlu\u010dili podijeliti s nama, upotrijebit \u0107emo va\u0161u adresu e-po\u0161te kako bismo vas kontaktirali u svrhu odgovora na va\u0161u poruku ili da bismo vam poslali na\u0161 newsletter. Ako ste unijeli svoju adresu e-po\u0161te da biste ostavili komentar na blogu, upotrebit \u0107emo je za prepoznavanje va\u0161eg komentara, ali je ne\u0107emo prikazati javno na web stranici ili je dijeliti s tre\u0107om stranom.<\/p>\n<p>Tako\u0111er, va\u0161u e-po\u0161tu mo\u017eemo upotrijebiti kako bismo rije\u0161ili probleme ili sporove, na primjer, ako nam ka\u017eete da ne mo\u017eete otvoriti i vidjeti neku od va\u0161ih objava na web stranici, vjerojatno bismo pretra\u017eili na\u0161u bazu podataka koriste\u0107i va\u0161u e-adresu kako bismo dijagnosticirali problem.<\/p>\n<h4>Otkrivanje prikupljenih informacija<\/h4>\n<p>Nikad ne otkrivamo i ne dijelimo va\u0161e osobne podatke ni e-adresu s tre\u0107im stranama.<\/p>\n<h4>Odjava e-po\u0161te<\/h4>\n<p>Ba\u0161 kao i vi, i mi mrzimo ne\u017eeljenu po\u0161tu. Ne \u0161aljemo vam e-poruke ne\u017eeljene po\u0161te.<\/p>\n<p>Mo\u017eete se odjaviti i prestati primati na\u0161e poruke putem neslettera u bilo kojem trenutku. U svim na\u0161im newsletterima e-po\u0161te uklju\u010dena je veza &#8220;otkazivanje pretplate&#8221;.<\/p>\n<h4>Za\u0161tita va\u0161ih podataka<\/h4>\n<p>SunnyVacation365.com koristi sve napore kako bi za\u0161titio povjerljivost va\u0161ih osobnih podataka, ali ne koristimo \u0161ifriranje (kao \u0161to je SSL) ili vatrozid za pove\u0107anu za\u0161titu informacija na internetu. Ne vjerujemo da osobni podaci koje prikupimo zahtjevaju takvu razinu sigurnosti. Va\u017eno je imati na umu da ne postoji &#8220;savr\u0161ena internetska sigurnost&#8221;.<\/p>\n<h4>Kako ispraviti i\/ili obrisati osobne podatke<\/h4>\n<p>Nakon objavljivanja, ne mo\u017eete promijeniti niti ukloniti komentare koje ste postavili na na\u0161u web stranicu. Me\u0111utim, ako \u017eelite ukloniti te podatke, kontaktirajte nas i mi \u0107emo to u\u010diniti za vas.<\/p>\n<p>Treba imati na umu da zbog tehni\u010dkih ograni\u010denja nismo u mogu\u0107nosti ukloniti potpuno sve informacije iz na\u0161e baze podataka. Stoga nikada ne biste trebali o\u010dekivati da \u0107e svi va\u0161i osobni podaci biti potpuno uklonjeni iz na\u0161ih baza podataka ukoliko po\u017eelite da ih uklonimo. Cilj nam je ukloniti sve informacije koje su okrenute prema javnosti.<\/p>\n<h4>Kako nas kontaktirati<\/h4>\n<p>Slobodno nam se javite koriste\u0107i ovu e-po\u0161tu: <a href=\"mailto:info@sunnyvacation365.com\">info@sunnyvacation365.com<\/a><\/p>\n<h4>Izmjene pravila privatnosti<\/h4>\n<p>S vremena na vrijeme mo\u017eemo a\u017eurirati ova Pravila o privatnosti u skladu s promjenama na samoj web stranici, a koje bi mogle utjecati na osobne podatke koje prikupljamo o vama. Podrazumijeva se da prihva\u0107ate takve izmjene ukoliko nastavite koristiti ovu web stranicu i usluge koje na njoj nudimo. Ukoliko ne prihva\u0107ate takve izmjene, trebali biste prestati koristiti ovu web stranicu i njene usluge te nas kontaktirati ukoliko \u017eelite ukloniti svoje informacije.<\/p>\n","protected":false},"excerpt":{"rendered":"<p>Kratki pregled SunnyVacation365.com se zala\u017ee za za\u0161titu i po\u0161tivanje va\u0161e privatnosti. Ovdje \u0107ete prona\u0107i informacije o za\u0161titi podataka i praksama koje se koriste na ovoj web&#8230;<\/p>\n","protected":false},"author":1,"featured_media":0,"parent":0,"menu_order":16,"comment_status":"closed","ping_status":"closed","template":"page-legal.php","meta":{"_acf_changed":false,"inline_featured_image":false,"footnotes":""},"class_list":["post-1009","page","type-page","status-publish","hentry"],"acf":[],"yoast_head":"<!-- This site is optimized with the Yoast SEO plugin v25.8 - https:\/\/yoast.com\/wordpress\/plugins\/seo\/ -->\n<title>Pravila privatnosti i kola\u010di\u0107i - Sunny Vacation 365<\/title>\n<meta name=\"robots\" content=\"noindex, follow, max-snippet:-1, max-image-preview:large, max-video-preview:-1\" \/>\n<meta property=\"og:locale\" content=\"hr_HR\" \/>\n<meta property=\"og:type\" content=\"article\" \/>\n<meta property=\"og:title\" content=\"Pravila privatnosti i kola\u010di\u0107i - Sunny Vacation 365\" \/>\n<meta property=\"og:description\" content=\"Kratki pregled SunnyVacation365.com se zala\u017ee za za\u0161titu i po\u0161tivanje va\u0161e privatnosti. Ovdje \u0107ete prona\u0107i informacije o za\u0161titi podataka i praksama koje se koriste na ovoj web...\" \/>\n<meta property=\"og:url\" content=\"https:\/\/sunnyvacation365.com\/cfgvhbngthztvcfx34\/hr\/pravila-privatnosti\/\" \/>\n<meta property=\"og:site_name\" content=\"Sunny Vacation 365\" \/>\n<meta property=\"article:publisher\" content=\"https:\/\/www.facebook.com\/ApartmentsRijeka\/\" \/>\n<meta property=\"article:modified_time\" content=\"2022-08-08T14:12:16+00:00\" \/>\n<meta name=\"twitter:card\" content=\"summary_large_image\" \/>\n<meta name=\"twitter:label1\" content=\"Procijenjeno vrijeme \u010ditanja\" \/>\n\t<meta name=\"twitter:data1\" content=\"5 minuta\" \/>\n<script type=\"application\/ld+json\" class=\"yoast-schema-graph\">{\"@context\":\"https:\/\/schema.org\",\"@graph\":[{\"@type\":\"WebPage\",\"@id\":\"https:\/\/sunnyvacation365.com\/cfgvhbngthztvcfx34\/hr\/pravila-privatnosti\/\",\"url\":\"https:\/\/sunnyvacation365.com\/cfgvhbngthztvcfx34\/hr\/pravila-privatnosti\/\",\"name\":\"Pravila privatnosti i kola\u010di\u0107i - Sunny Vacation 365\",\"isPartOf\":{\"@id\":\"https:\/\/sunnyvacation365.com\/cfgvhbngthztvcfx34\/hr\/#website\"},\"datePublished\":\"2022-07-15T08:19:23+00:00\",\"dateModified\":\"2022-08-08T14:12:16+00:00\",\"breadcrumb\":{\"@id\":\"https:\/\/sunnyvacation365.com\/cfgvhbngthztvcfx34\/hr\/pravila-privatnosti\/#breadcrumb\"},\"inLanguage\":\"hr\",\"potentialAction\":[{\"@type\":\"ReadAction\",\"target\":[\"https:\/\/sunnyvacation365.com\/cfgvhbngthztvcfx34\/hr\/pravila-privatnosti\/\"]}]},{\"@type\":\"BreadcrumbList\",\"@id\":\"https:\/\/sunnyvacation365.com\/cfgvhbngthztvcfx34\/hr\/pravila-privatnosti\/#breadcrumb\",\"itemListElement\":[{\"@type\":\"ListItem\",\"position\":1,\"name\":\"Home\",\"item\":\"https:\/\/sunnyvacation365.com\/cfgvhbngthztvcfx34\/hr\/\"},{\"@type\":\"ListItem\",\"position\":2,\"name\":\"Pravila privatnosti i kola\u010di\u0107i\"}]},{\"@type\":\"WebSite\",\"@id\":\"https:\/\/sunnyvacation365.com\/cfgvhbngthztvcfx34\/hr\/#website\",\"url\":\"https:\/\/sunnyvacation365.com\/cfgvhbngthztvcfx34\/hr\/\",\"name\":\"Sunny Vacation 365\",\"description\":\"\",\"publisher\":{\"@id\":\"https:\/\/sunnyvacation365.com\/cfgvhbngthztvcfx34\/hr\/#organization\"},\"potentialAction\":[{\"@type\":\"SearchAction\",\"target\":{\"@type\":\"EntryPoint\",\"urlTemplate\":\"https:\/\/sunnyvacation365.com\/cfgvhbngthztvcfx34\/hr\/?s={search_term_string}\"},\"query-input\":{\"@type\":\"PropertyValueSpecification\",\"valueRequired\":true,\"valueName\":\"search_term_string\"}}],\"inLanguage\":\"hr\"},{\"@type\":\"Organization\",\"@id\":\"https:\/\/sunnyvacation365.com\/cfgvhbngthztvcfx34\/hr\/#organization\",\"name\":\"Sunny Vacation 365\",\"url\":\"https:\/\/sunnyvacation365.com\/cfgvhbngthztvcfx34\/hr\/\",\"logo\":{\"@type\":\"ImageObject\",\"inLanguage\":\"hr\",\"@id\":\"https:\/\/sunnyvacation365.com\/cfgvhbngthztvcfx34\/hr\/#\/schema\/logo\/image\/\",\"url\":\"https:\/\/sunnyvacation365.com\/wp-content\/uploads\/sunny_logo.jpg\",\"contentUrl\":\"https:\/\/sunnyvacation365.com\/wp-content\/uploads\/sunny_logo.jpg\",\"width\":1550,\"height\":560,\"caption\":\"Sunny Vacation 365\"},\"image\":{\"@id\":\"https:\/\/sunnyvacation365.com\/cfgvhbngthztvcfx34\/hr\/#\/schema\/logo\/image\/\"},\"sameAs\":[\"https:\/\/www.facebook.com\/ApartmentsRijeka\/\"]}]}<\/script>\n<!-- \/ Yoast SEO plugin. -->","yoast_head_json":{"title":"Pravila privatnosti i kola\u010di\u0107i - Sunny Vacation 365","robots":{"index":"noindex","follow":"follow","max-snippet":"max-snippet:-1","max-image-preview":"max-image-preview:large","max-video-preview":"max-video-preview:-1"},"og_locale":"hr_HR","og_type":"article","og_title":"Pravila privatnosti i kola\u010di\u0107i - Sunny Vacation 365","og_description":"Kratki pregled SunnyVacation365.com se zala\u017ee za za\u0161titu i po\u0161tivanje va\u0161e privatnosti. Ovdje \u0107ete prona\u0107i informacije o za\u0161titi podataka i praksama koje se koriste na ovoj web...","og_url":"https:\/\/sunnyvacation365.com\/cfgvhbngthztvcfx34\/hr\/pravila-privatnosti\/","og_site_name":"Sunny Vacation 365","article_publisher":"https:\/\/www.facebook.com\/ApartmentsRijeka\/","article_modified_time":"2022-08-08T14:12:16+00:00","twitter_card":"summary_large_image","twitter_misc":{"Procijenjeno vrijeme \u010ditanja":"5 minuta"},"schema":{"@context":"https:\/\/schema.org","@graph":[{"@type":"WebPage","@id":"https:\/\/sunnyvacation365.com\/cfgvhbngthztvcfx34\/hr\/pravila-privatnosti\/","url":"https:\/\/sunnyvacation365.com\/cfgvhbngthztvcfx34\/hr\/pravila-privatnosti\/","name":"Pravila privatnosti i kola\u010di\u0107i - Sunny Vacation 365","isPartOf":{"@id":"https:\/\/sunnyvacation365.com\/cfgvhbngthztvcfx34\/hr\/#website"},"datePublished":"2022-07-15T08:19:23+00:00","dateModified":"2022-08-08T14:12:16+00:00","breadcrumb":{"@id":"https:\/\/sunnyvacation365.com\/cfgvhbngthztvcfx34\/hr\/pravila-privatnosti\/#breadcrumb"},"inLanguage":"hr","potentialAction":[{"@type":"ReadAction","target":["https:\/\/sunnyvacation365.com\/cfgvhbngthztvcfx34\/hr\/pravila-privatnosti\/"]}]},{"@type":"BreadcrumbList","@id":"https:\/\/sunnyvacation365.com\/cfgvhbngthztvcfx34\/hr\/pravila-privatnosti\/#breadcrumb","itemListElement":[{"@type":"ListItem","position":1,"name":"Home","item":"https:\/\/sunnyvacation365.com\/cfgvhbngthztvcfx34\/hr\/"},{"@type":"ListItem","position":2,"name":"Pravila privatnosti i kola\u010di\u0107i"}]},{"@type":"WebSite","@id":"https:\/\/sunnyvacation365.com\/cfgvhbngthztvcfx34\/hr\/#website","url":"https:\/\/sunnyvacation365.com\/cfgvhbngthztvcfx34\/hr\/","name":"Sunny Vacation 365","description":"","publisher":{"@id":"https:\/\/sunnyvacation365.com\/cfgvhbngthztvcfx34\/hr\/#organization"},"potentialAction":[{"@type":"SearchAction","target":{"@type":"EntryPoint","urlTemplate":"https:\/\/sunnyvacation365.com\/cfgvhbngthztvcfx34\/hr\/?s={search_term_string}"},"query-input":{"@type":"PropertyValueSpecification","valueRequired":true,"valueName":"search_term_string"}}],"inLanguage":"hr"},{"@type":"Organization","@id":"https:\/\/sunnyvacation365.com\/cfgvhbngthztvcfx34\/hr\/#organization","name":"Sunny Vacation 365","url":"https:\/\/sunnyvacation365.com\/cfgvhbngthztvcfx34\/hr\/","logo":{"@type":"ImageObject","inLanguage":"hr","@id":"https:\/\/sunnyvacation365.com\/cfgvhbngthztvcfx34\/hr\/#\/schema\/logo\/image\/","url":"https:\/\/sunnyvacation365.com\/wp-content\/uploads\/sunny_logo.jpg","contentUrl":"https:\/\/sunnyvacation365.com\/wp-content\/uploads\/sunny_logo.jpg","width":1550,"height":560,"caption":"Sunny Vacation 365"},"image":{"@id":"https:\/\/sunnyvacation365.com\/cfgvhbngthztvcfx34\/hr\/#\/schema\/logo\/image\/"},"sameAs":["https:\/\/www.facebook.com\/ApartmentsRijeka\/"]}]}},"_links":{"self":[{"href":"https:\/\/sunnyvacation365.com\/cfgvhbngthztvcfx34\/hr\/wp-json\/wp\/v2\/pages\/1009","targetHints":{"allow":["GET"]}}],"collection":[{"href":"https:\/\/sunnyvacation365.com\/cfgvhbngthztvcfx34\/hr\/wp-json\/wp\/v2\/pages"}],"about":[{"href":"https:\/\/sunnyvacation365.com\/cfgvhbngthztvcfx34\/hr\/wp-json\/wp\/v2\/types\/page"}],"author":[{"embeddable":true,"href":"https:\/\/sunnyvacation365.com\/cfgvhbngthztvcfx34\/hr\/wp-json\/wp\/v2\/users\/1"}],"replies":[{"embeddable":true,"href":"https:\/\/sunnyvacation365.com\/cfgvhbngthztvcfx34\/hr\/wp-json\/wp\/v2\/comments?post=1009"}],"version-history":[{"count":1,"href":"https:\/\/sunnyvacation365.com\/cfgvhbngthztvcfx34\/hr\/wp-json\/wp\/v2\/pages\/1009\/revisions"}],"predecessor-version":[{"id":1048,"href":"https:\/\/sunnyvacation365.com\/cfgvhbngthztvcfx34\/hr\/wp-json\/wp\/v2\/pages\/1009\/revisions\/1048"}],"wp:attachment":[{"href":"https:\/\/sunnyvacation365.com\/cfgvhbngthztvcfx34\/hr\/wp-json\/wp\/v2\/media?parent=1009"}],"curies":[{"name":"wp","href":"https:\/\/api.w.org\/{rel}","templated":true}]}}