{"id":986,"date":"2022-06-15T12:57:17","date_gmt":"2022-06-15T10:57:17","guid":{"rendered":"https:\/\/sunnyvacation365.com\/pocetna\/"},"modified":"2025-09-03T14:26:10","modified_gmt":"2025-09-03T12:26:10","slug":"pocetna","status":"publish","type":"page","link":"https:\/\/sunnyvacation365.com\/cfgvhbngthztvcfx34\/hr\/","title":{"rendered":"Po\u010detna"},"content":{"rendered":"<h2>Tko smo mi?<\/h2>\n<p>Sunny vacation je turisti\u010dka agencija koja se bavi menad\u017ementom turisti\u010dkih apartmana na podru\u010dju Rijeke i Opatije od 2016 godine. Pru\u017eamo kompletnu uslugu vo\u0111enja apartmana i ku\u0107a za odmor. Bez obzira da li se brinemo za apartmane, ku\u0107e ili goste, na\u0161a misija je visok standard usluge i brz povrat investicije. Na\u0161im partnerima, privatnim iznajmljiva\u010dima, osiguravamo miran san, a svim na\u0161im gostima personaliziranu i profesionalnu uslugu. <\/p>\n","protected":false},"excerpt":{"rendered":"<p>Tko smo mi? Sunny vacation je turisti\u010dka agencija koja se bavi menad\u017ementom turisti\u010dkih apartmana na podru\u010dju Rijeke i Opatije od 2016 godine. Pru\u017eamo kompletnu uslugu vo\u0111enja&#8230;<\/p>\n","protected":false},"author":1,"featured_media":816,"parent":0,"menu_order":1,"comment_status":"closed","ping_status":"closed","template":"homepage.php","meta":{"_acf_changed":false,"inline_featured_image":false,"footnotes":""},"class_list":["post-986","page","type-page","status-publish","has-post-thumbnail","hentry"],"acf":[],"yoast_head":"<!-- This site is optimized with the Yoast SEO plugin v25.8 - https:\/\/yoast.com\/wordpress\/plugins\/seo\/ -->\n<title>Po\u010detna - Sunny Vacation 365<\/title>\n<meta name=\"robots\" content=\"noindex, follow, max-snippet:-1, max-image-preview:large, max-video-preview:-1\" \/>\n<meta property=\"og:locale\" content=\"hr_HR\" \/>\n<meta property=\"og:type\" content=\"article\" \/>\n<meta property=\"og:title\" content=\"Po\u010detna - Sunny Vacation 365\" \/>\n<meta property=\"og:description\" content=\"Tko smo mi? Sunny vacation je turisti\u010dka agencija koja se bavi menad\u017ementom turisti\u010dkih apartmana na podru\u010dju Rijeke i Opatije od 2016 godine. Pru\u017eamo kompletnu uslugu vo\u0111enja...\" \/>\n<meta property=\"og:url\" content=\"https:\/\/sunnyvacation365.com\/cfgvhbngthztvcfx34\/hr\/\" \/>\n<meta property=\"og:site_name\" content=\"Sunny Vacation 365\" \/>\n<meta property=\"article:publisher\" content=\"https:\/\/www.facebook.com\/ApartmentsRijeka\/\" \/>\n<meta property=\"article:modified_time\" content=\"2025-09-03T12:26:10+00:00\" \/>\n<meta property=\"og:image\" content=\"https:\/\/sunnyvacation365.com\/cfgvhbngthztvcfx34\/wp-content\/uploads\/hero.jpg\" \/>\n\t<meta property=\"og:image:width\" content=\"1920\" \/>\n\t<meta property=\"og:image:height\" content=\"1280\" \/>\n\t<meta property=\"og:image:type\" content=\"image\/jpeg\" \/>\n<meta name=\"twitter:card\" content=\"summary_large_image\" \/>\n<script type=\"application\/ld+json\" class=\"yoast-schema-graph\">{\"@context\":\"https:\/\/schema.org\",\"@graph\":[{\"@type\":\"WebPage\",\"@id\":\"https:\/\/sunnyvacation365.com\/cfgvhbngthztvcfx34\/hr\/\",\"url\":\"https:\/\/sunnyvacation365.com\/cfgvhbngthztvcfx34\/hr\/\",\"name\":\"Po\u010detna - Sunny Vacation 365\",\"isPartOf\":{\"@id\":\"https:\/\/sunnyvacation365.com\/cfgvhbngthztvcfx34\/hr\/#website\"},\"primaryImageOfPage\":{\"@id\":\"https:\/\/sunnyvacation365.com\/cfgvhbngthztvcfx34\/hr\/#primaryimage\"},\"image\":{\"@id\":\"https:\/\/sunnyvacation365.com\/cfgvhbngthztvcfx34\/hr\/#primaryimage\"},\"thumbnailUrl\":\"https:\/\/sunnyvacation365.com\/cfgvhbngthztvcfx34\/wp-content\/uploads\/hero.jpg\",\"datePublished\":\"2022-06-15T10:57:17+00:00\",\"dateModified\":\"2025-09-03T12:26:10+00:00\",\"breadcrumb\":{\"@id\":\"https:\/\/sunnyvacation365.com\/cfgvhbngthztvcfx34\/hr\/#breadcrumb\"},\"inLanguage\":\"hr\",\"potentialAction\":[{\"@type\":\"ReadAction\",\"target\":[\"https:\/\/sunnyvacation365.com\/cfgvhbngthztvcfx34\/hr\/\"]}]},{\"@type\":\"ImageObject\",\"inLanguage\":\"hr\",\"@id\":\"https:\/\/sunnyvacation365.com\/cfgvhbngthztvcfx34\/hr\/#primaryimage\",\"url\":\"https:\/\/sunnyvacation365.com\/cfgvhbngthztvcfx34\/wp-content\/uploads\/hero.jpg\",\"contentUrl\":\"https:\/\/sunnyvacation365.com\/cfgvhbngthztvcfx34\/wp-content\/uploads\/hero.jpg\",\"width\":1920,\"height\":1280},{\"@type\":\"BreadcrumbList\",\"@id\":\"https:\/\/sunnyvacation365.com\/cfgvhbngthztvcfx34\/hr\/#breadcrumb\",\"itemListElement\":[{\"@type\":\"ListItem\",\"position\":1,\"name\":\"Home\",\"item\":\"https:\/\/sunnyvacation365.com\/cfgvhbngthztvcfx34\/hr\/\"},{\"@type\":\"ListItem\",\"position\":2,\"name\":\"Po\u010detna\"}]},{\"@type\":\"WebSite\",\"@id\":\"https:\/\/sunnyvacation365.com\/cfgvhbngthztvcfx34\/hr\/#website\",\"url\":\"https:\/\/sunnyvacation365.com\/cfgvhbngthztvcfx34\/hr\/\",\"name\":\"Sunny Vacation 365\",\"description\":\"\",\"publisher\":{\"@id\":\"https:\/\/sunnyvacation365.com\/cfgvhbngthztvcfx34\/hr\/#organization\"},\"potentialAction\":[{\"@type\":\"SearchAction\",\"target\":{\"@type\":\"EntryPoint\",\"urlTemplate\":\"https:\/\/sunnyvacation365.com\/cfgvhbngthztvcfx34\/hr\/?s={search_term_string}\"},\"query-input\":{\"@type\":\"PropertyValueSpecification\",\"valueRequired\":true,\"valueName\":\"search_term_string\"}}],\"inLanguage\":\"hr\"},{\"@type\":\"Organization\",\"@id\":\"https:\/\/sunnyvacation365.com\/cfgvhbngthztvcfx34\/hr\/#organization\",\"name\":\"Sunny Vacation 365\",\"url\":\"https:\/\/sunnyvacation365.com\/cfgvhbngthztvcfx34\/hr\/\",\"logo\":{\"@type\":\"ImageObject\",\"inLanguage\":\"hr\",\"@id\":\"https:\/\/sunnyvacation365.com\/cfgvhbngthztvcfx34\/hr\/#\/schema\/logo\/image\/\",\"url\":\"https:\/\/sunnyvacation365.com\/wp-content\/uploads\/sunny_logo.jpg\",\"contentUrl\":\"https:\/\/sunnyvacation365.com\/wp-content\/uploads\/sunny_logo.jpg\",\"width\":1550,\"height\":560,\"caption\":\"Sunny Vacation 365\"},\"image\":{\"@id\":\"https:\/\/sunnyvacation365.com\/cfgvhbngthztvcfx34\/hr\/#\/schema\/logo\/image\/\"},\"sameAs\":[\"https:\/\/www.facebook.com\/ApartmentsRijeka\/\"]}]}<\/script>\n<!-- \/ Yoast SEO plugin. -->","yoast_head_json":{"title":"Po\u010detna - Sunny Vacation 365","robots":{"index":"noindex","follow":"follow","max-snippet":"max-snippet:-1","max-image-preview":"max-image-preview:large","max-video-preview":"max-video-preview:-1"},"og_locale":"hr_HR","og_type":"article","og_title":"Po\u010detna - Sunny Vacation 365","og_description":"Tko smo mi? Sunny vacation je turisti\u010dka agencija koja se bavi menad\u017ementom turisti\u010dkih apartmana na podru\u010dju Rijeke i Opatije od 2016 godine. Pru\u017eamo kompletnu uslugu vo\u0111enja...","og_url":"https:\/\/sunnyvacation365.com\/cfgvhbngthztvcfx34\/hr\/","og_site_name":"Sunny Vacation 365","article_publisher":"https:\/\/www.facebook.com\/ApartmentsRijeka\/","article_modified_time":"2025-09-03T12:26:10+00:00","og_image":[{"width":1920,"height":1280,"url":"https:\/\/sunnyvacation365.com\/cfgvhbngthztvcfx34\/wp-content\/uploads\/hero.jpg","type":"image\/jpeg"}],"twitter_card":"summary_large_image","schema":{"@context":"https:\/\/schema.org","@graph":[{"@type":"WebPage","@id":"https:\/\/sunnyvacation365.com\/cfgvhbngthztvcfx34\/hr\/","url":"https:\/\/sunnyvacation365.com\/cfgvhbngthztvcfx34\/hr\/","name":"Po\u010detna - Sunny Vacation 365","isPartOf":{"@id":"https:\/\/sunnyvacation365.com\/cfgvhbngthztvcfx34\/hr\/#website"},"primaryImageOfPage":{"@id":"https:\/\/sunnyvacation365.com\/cfgvhbngthztvcfx34\/hr\/#primaryimage"},"image":{"@id":"https:\/\/sunnyvacation365.com\/cfgvhbngthztvcfx34\/hr\/#primaryimage"},"thumbnailUrl":"https:\/\/sunnyvacation365.com\/cfgvhbngthztvcfx34\/wp-content\/uploads\/hero.jpg","datePublished":"2022-06-15T10:57:17+00:00","dateModified":"2025-09-03T12:26:10+00:00","breadcrumb":{"@id":"https:\/\/sunnyvacation365.com\/cfgvhbngthztvcfx34\/hr\/#breadcrumb"},"inLanguage":"hr","potentialAction":[{"@type":"ReadAction","target":["https:\/\/sunnyvacation365.com\/cfgvhbngthztvcfx34\/hr\/"]}]},{"@type":"ImageObject","inLanguage":"hr","@id":"https:\/\/sunnyvacation365.com\/cfgvhbngthztvcfx34\/hr\/#primaryimage","url":"https:\/\/sunnyvacation365.com\/cfgvhbngthztvcfx34\/wp-content\/uploads\/hero.jpg","contentUrl":"https:\/\/sunnyvacation365.com\/cfgvhbngthztvcfx34\/wp-content\/uploads\/hero.jpg","width":1920,"height":1280},{"@type":"BreadcrumbList","@id":"https:\/\/sunnyvacation365.com\/cfgvhbngthztvcfx34\/hr\/#breadcrumb","itemListElement":[{"@type":"ListItem","position":1,"name":"Home","item":"https:\/\/sunnyvacation365.com\/cfgvhbngthztvcfx34\/hr\/"},{"@type":"ListItem","position":2,"name":"Po\u010detna"}]},{"@type":"WebSite","@id":"https:\/\/sunnyvacation365.com\/cfgvhbngthztvcfx34\/hr\/#website","url":"https:\/\/sunnyvacation365.com\/cfgvhbngthztvcfx34\/hr\/","name":"Sunny Vacation 365","description":"","publisher":{"@id":"https:\/\/sunnyvacation365.com\/cfgvhbngthztvcfx34\/hr\/#organization"},"potentialAction":[{"@type":"SearchAction","target":{"@type":"EntryPoint","urlTemplate":"https:\/\/sunnyvacation365.com\/cfgvhbngthztvcfx34\/hr\/?s={search_term_string}"},"query-input":{"@type":"PropertyValueSpecification","valueRequired":true,"valueName":"search_term_string"}}],"inLanguage":"hr"},{"@type":"Organization","@id":"https:\/\/sunnyvacation365.com\/cfgvhbngthztvcfx34\/hr\/#organization","name":"Sunny Vacation 365","url":"https:\/\/sunnyvacation365.com\/cfgvhbngthztvcfx34\/hr\/","logo":{"@type":"ImageObject","inLanguage":"hr","@id":"https:\/\/sunnyvacation365.com\/cfgvhbngthztvcfx34\/hr\/#\/schema\/logo\/image\/","url":"https:\/\/sunnyvacation365.com\/wp-content\/uploads\/sunny_logo.jpg","contentUrl":"https:\/\/sunnyvacation365.com\/wp-content\/uploads\/sunny_logo.jpg","width":1550,"height":560,"caption":"Sunny Vacation 365"},"image":{"@id":"https:\/\/sunnyvacation365.com\/cfgvhbngthztvcfx34\/hr\/#\/schema\/logo\/image\/"},"sameAs":["https:\/\/www.facebook.com\/ApartmentsRijeka\/"]}]}},"_links":{"self":[{"href":"https:\/\/sunnyvacation365.com\/cfgvhbngthztvcfx34\/hr\/wp-json\/wp\/v2\/pages\/986","targetHints":{"allow":["GET"]}}],"collection":[{"href":"https:\/\/sunnyvacation365.com\/cfgvhbngthztvcfx34\/hr\/wp-json\/wp\/v2\/pages"}],"about":[{"href":"https:\/\/sunnyvacation365.com\/cfgvhbngthztvcfx34\/hr\/wp-json\/wp\/v2\/types\/page"}],"author":[{"embeddable":true,"href":"https:\/\/sunnyvacation365.com\/cfgvhbngthztvcfx34\/hr\/wp-json\/wp\/v2\/users\/1"}],"replies":[{"embeddable":true,"href":"https:\/\/sunnyvacation365.com\/cfgvhbngthztvcfx34\/hr\/wp-json\/wp\/v2\/comments?post=986"}],"version-history":[{"count":7,"href":"https:\/\/sunnyvacation365.com\/cfgvhbngthztvcfx34\/hr\/wp-json\/wp\/v2\/pages\/986\/revisions"}],"predecessor-version":[{"id":1074,"href":"https:\/\/sunnyvacation365.com\/cfgvhbngthztvcfx34\/hr\/wp-json\/wp\/v2\/pages\/986\/revisions\/1074"}],"wp:featuredmedia":[{"embeddable":true,"href":"https:\/\/sunnyvacation365.com\/cfgvhbngthztvcfx34\/hr\/wp-json\/wp\/v2\/media\/816"}],"wp:attachment":[{"href":"https:\/\/sunnyvacation365.com\/cfgvhbngthztvcfx34\/hr\/wp-json\/wp\/v2\/media?parent=986"}],"curies":[{"name":"wp","href":"https:\/\/api.w.org\/{rel}","templated":true}]}}