{"id":999,"date":"2022-06-27T12:13:41","date_gmt":"2022-06-27T10:13:41","guid":{"rendered":"https:\/\/sunnyvacation365.com\/menadzment-apartmana\/"},"modified":"2025-04-05T11:31:57","modified_gmt":"2025-04-05T09:31:57","slug":"menadzment-apartmana","status":"publish","type":"page","link":"https:\/\/sunnyvacation365.com\/cfgvhbngthztvcfx34\/hr\/menadzment-apartmana\/","title":{"rendered":"Menad\u017ement apartmana"},"content":{"rendered":"<p>Kompletna usluga menad\u017ementa apartmana na podru\u010dju Rijeke, Opatije, Ike, I\u010di\u0107a i Lovrana.<\/p>\n<p>Iznajmljivanje apartmana nikada nije bilo lak\u0161e. Kako? Uz nas. Sunny Vacation firma za menad\u017ement apartmana i ku\u0107a za odmor poma\u017ee Vam da zaradite novac od iznajmljivanja svoje nekretnine, a da pri tom mirno spavate, dok mi obavljamo sav posao od ogla\u0161avanja, \u010di\u0161\u0107enja, do\u010deka gosta do administracije i financija. Uz to nudimo personaliziranu uslugu svakom privatnom iznajmljiva\u010du jednako kao i gostu. Svjesni smo i razumijemo da je Va\u0161a nekretnina Va\u0161a dragocjena imovina te \u0107emo raditi u Va\u0161em interesu i zajedno dogovarati sve detalje oko iznajmljivanja kako bi postigli siguran uspjeh. Na\u0161 fokus je na tome da imamo portfolio po mjeri, tako da ne izgubimo iz vida niti jedan apartman niti jedan partnerski odnos. Na\u0161 tim \u0107e osigurati da je Va\u0161a nekretnina pa\u017eljivo i profesionalno prezentirana po visokim standardima, prije svakog ulaska gosta.<\/p>\n","protected":false},"excerpt":{"rendered":"<p>Kompletna usluga menad\u017ementa apartmana na podru\u010dju Rijeke, Opatije, Ike, I\u010di\u0107a i Lovrana. Iznajmljivanje apartmana nikada nije bilo lak\u0161e. Kako? Uz nas. Sunny Vacation firma za menad\u017ement&#8230;<\/p>\n","protected":false},"author":1,"featured_media":0,"parent":0,"menu_order":4,"comment_status":"closed","ping_status":"closed","template":"page-property_management.php","meta":{"_acf_changed":false,"inline_featured_image":false,"footnotes":""},"class_list":["post-999","page","type-page","status-publish","hentry"],"acf":[],"yoast_head":"<!-- This site is optimized with the Yoast SEO plugin v25.8 - https:\/\/yoast.com\/wordpress\/plugins\/seo\/ -->\n<title>Menad\u017ement apartmana - Sunny Vacation 365<\/title>\n<meta name=\"robots\" content=\"noindex, follow, max-snippet:-1, max-image-preview:large, max-video-preview:-1\" \/>\n<meta property=\"og:locale\" content=\"hr_HR\" \/>\n<meta property=\"og:type\" content=\"article\" \/>\n<meta property=\"og:title\" content=\"Menad\u017ement apartmana - Sunny Vacation 365\" \/>\n<meta property=\"og:description\" content=\"Kompletna usluga menad\u017ementa apartmana na podru\u010dju Rijeke, Opatije, Ike, I\u010di\u0107a i Lovrana. Iznajmljivanje apartmana nikada nije bilo lak\u0161e. Kako? Uz nas. Sunny Vacation firma za menad\u017ement...\" \/>\n<meta property=\"og:url\" content=\"https:\/\/sunnyvacation365.com\/cfgvhbngthztvcfx34\/hr\/menadzment-apartmana\/\" \/>\n<meta property=\"og:site_name\" content=\"Sunny Vacation 365\" \/>\n<meta property=\"article:publisher\" content=\"https:\/\/www.facebook.com\/ApartmentsRijeka\/\" \/>\n<meta property=\"article:modified_time\" content=\"2025-04-05T09:31:57+00:00\" \/>\n<meta name=\"twitter:card\" content=\"summary_large_image\" \/>\n<meta name=\"twitter:label1\" content=\"Procijenjeno vrijeme \u010ditanja\" \/>\n\t<meta name=\"twitter:data1\" content=\"1 minuta\" \/>\n<script type=\"application\/ld+json\" class=\"yoast-schema-graph\">{\"@context\":\"https:\/\/schema.org\",\"@graph\":[{\"@type\":\"WebPage\",\"@id\":\"https:\/\/sunnyvacation365.com\/cfgvhbngthztvcfx34\/hr\/menadzment-apartmana\/\",\"url\":\"https:\/\/sunnyvacation365.com\/cfgvhbngthztvcfx34\/hr\/menadzment-apartmana\/\",\"name\":\"Menad\u017ement apartmana - Sunny Vacation 365\",\"isPartOf\":{\"@id\":\"https:\/\/sunnyvacation365.com\/cfgvhbngthztvcfx34\/hr\/#website\"},\"datePublished\":\"2022-06-27T10:13:41+00:00\",\"dateModified\":\"2025-04-05T09:31:57+00:00\",\"breadcrumb\":{\"@id\":\"https:\/\/sunnyvacation365.com\/cfgvhbngthztvcfx34\/hr\/menadzment-apartmana\/#breadcrumb\"},\"inLanguage\":\"hr\",\"potentialAction\":[{\"@type\":\"ReadAction\",\"target\":[\"https:\/\/sunnyvacation365.com\/cfgvhbngthztvcfx34\/hr\/menadzment-apartmana\/\"]}]},{\"@type\":\"BreadcrumbList\",\"@id\":\"https:\/\/sunnyvacation365.com\/cfgvhbngthztvcfx34\/hr\/menadzment-apartmana\/#breadcrumb\",\"itemListElement\":[{\"@type\":\"ListItem\",\"position\":1,\"name\":\"Home\",\"item\":\"https:\/\/sunnyvacation365.com\/cfgvhbngthztvcfx34\/hr\/\"},{\"@type\":\"ListItem\",\"position\":2,\"name\":\"Menad\u017ement apartmana\"}]},{\"@type\":\"WebSite\",\"@id\":\"https:\/\/sunnyvacation365.com\/cfgvhbngthztvcfx34\/hr\/#website\",\"url\":\"https:\/\/sunnyvacation365.com\/cfgvhbngthztvcfx34\/hr\/\",\"name\":\"Sunny Vacation 365\",\"description\":\"\",\"publisher\":{\"@id\":\"https:\/\/sunnyvacation365.com\/cfgvhbngthztvcfx34\/hr\/#organization\"},\"potentialAction\":[{\"@type\":\"SearchAction\",\"target\":{\"@type\":\"EntryPoint\",\"urlTemplate\":\"https:\/\/sunnyvacation365.com\/cfgvhbngthztvcfx34\/hr\/?s={search_term_string}\"},\"query-input\":{\"@type\":\"PropertyValueSpecification\",\"valueRequired\":true,\"valueName\":\"search_term_string\"}}],\"inLanguage\":\"hr\"},{\"@type\":\"Organization\",\"@id\":\"https:\/\/sunnyvacation365.com\/cfgvhbngthztvcfx34\/hr\/#organization\",\"name\":\"Sunny Vacation 365\",\"url\":\"https:\/\/sunnyvacation365.com\/cfgvhbngthztvcfx34\/hr\/\",\"logo\":{\"@type\":\"ImageObject\",\"inLanguage\":\"hr\",\"@id\":\"https:\/\/sunnyvacation365.com\/cfgvhbngthztvcfx34\/hr\/#\/schema\/logo\/image\/\",\"url\":\"https:\/\/sunnyvacation365.com\/wp-content\/uploads\/sunny_logo.jpg\",\"contentUrl\":\"https:\/\/sunnyvacation365.com\/wp-content\/uploads\/sunny_logo.jpg\",\"width\":1550,\"height\":560,\"caption\":\"Sunny Vacation 365\"},\"image\":{\"@id\":\"https:\/\/sunnyvacation365.com\/cfgvhbngthztvcfx34\/hr\/#\/schema\/logo\/image\/\"},\"sameAs\":[\"https:\/\/www.facebook.com\/ApartmentsRijeka\/\"]}]}<\/script>\n<!-- \/ Yoast SEO plugin. -->","yoast_head_json":{"title":"Menad\u017ement apartmana - Sunny Vacation 365","robots":{"index":"noindex","follow":"follow","max-snippet":"max-snippet:-1","max-image-preview":"max-image-preview:large","max-video-preview":"max-video-preview:-1"},"og_locale":"hr_HR","og_type":"article","og_title":"Menad\u017ement apartmana - Sunny Vacation 365","og_description":"Kompletna usluga menad\u017ementa apartmana na podru\u010dju Rijeke, Opatije, Ike, I\u010di\u0107a i Lovrana. Iznajmljivanje apartmana nikada nije bilo lak\u0161e. Kako? Uz nas. Sunny Vacation firma za menad\u017ement...","og_url":"https:\/\/sunnyvacation365.com\/cfgvhbngthztvcfx34\/hr\/menadzment-apartmana\/","og_site_name":"Sunny Vacation 365","article_publisher":"https:\/\/www.facebook.com\/ApartmentsRijeka\/","article_modified_time":"2025-04-05T09:31:57+00:00","twitter_card":"summary_large_image","twitter_misc":{"Procijenjeno vrijeme \u010ditanja":"1 minuta"},"schema":{"@context":"https:\/\/schema.org","@graph":[{"@type":"WebPage","@id":"https:\/\/sunnyvacation365.com\/cfgvhbngthztvcfx34\/hr\/menadzment-apartmana\/","url":"https:\/\/sunnyvacation365.com\/cfgvhbngthztvcfx34\/hr\/menadzment-apartmana\/","name":"Menad\u017ement apartmana - Sunny Vacation 365","isPartOf":{"@id":"https:\/\/sunnyvacation365.com\/cfgvhbngthztvcfx34\/hr\/#website"},"datePublished":"2022-06-27T10:13:41+00:00","dateModified":"2025-04-05T09:31:57+00:00","breadcrumb":{"@id":"https:\/\/sunnyvacation365.com\/cfgvhbngthztvcfx34\/hr\/menadzment-apartmana\/#breadcrumb"},"inLanguage":"hr","potentialAction":[{"@type":"ReadAction","target":["https:\/\/sunnyvacation365.com\/cfgvhbngthztvcfx34\/hr\/menadzment-apartmana\/"]}]},{"@type":"BreadcrumbList","@id":"https:\/\/sunnyvacation365.com\/cfgvhbngthztvcfx34\/hr\/menadzment-apartmana\/#breadcrumb","itemListElement":[{"@type":"ListItem","position":1,"name":"Home","item":"https:\/\/sunnyvacation365.com\/cfgvhbngthztvcfx34\/hr\/"},{"@type":"ListItem","position":2,"name":"Menad\u017ement apartmana"}]},{"@type":"WebSite","@id":"https:\/\/sunnyvacation365.com\/cfgvhbngthztvcfx34\/hr\/#website","url":"https:\/\/sunnyvacation365.com\/cfgvhbngthztvcfx34\/hr\/","name":"Sunny Vacation 365","description":"","publisher":{"@id":"https:\/\/sunnyvacation365.com\/cfgvhbngthztvcfx34\/hr\/#organization"},"potentialAction":[{"@type":"SearchAction","target":{"@type":"EntryPoint","urlTemplate":"https:\/\/sunnyvacation365.com\/cfgvhbngthztvcfx34\/hr\/?s={search_term_string}"},"query-input":{"@type":"PropertyValueSpecification","valueRequired":true,"valueName":"search_term_string"}}],"inLanguage":"hr"},{"@type":"Organization","@id":"https:\/\/sunnyvacation365.com\/cfgvhbngthztvcfx34\/hr\/#organization","name":"Sunny Vacation 365","url":"https:\/\/sunnyvacation365.com\/cfgvhbngthztvcfx34\/hr\/","logo":{"@type":"ImageObject","inLanguage":"hr","@id":"https:\/\/sunnyvacation365.com\/cfgvhbngthztvcfx34\/hr\/#\/schema\/logo\/image\/","url":"https:\/\/sunnyvacation365.com\/wp-content\/uploads\/sunny_logo.jpg","contentUrl":"https:\/\/sunnyvacation365.com\/wp-content\/uploads\/sunny_logo.jpg","width":1550,"height":560,"caption":"Sunny Vacation 365"},"image":{"@id":"https:\/\/sunnyvacation365.com\/cfgvhbngthztvcfx34\/hr\/#\/schema\/logo\/image\/"},"sameAs":["https:\/\/www.facebook.com\/ApartmentsRijeka\/"]}]}},"_links":{"self":[{"href":"https:\/\/sunnyvacation365.com\/cfgvhbngthztvcfx34\/hr\/wp-json\/wp\/v2\/pages\/999","targetHints":{"allow":["GET"]}}],"collection":[{"href":"https:\/\/sunnyvacation365.com\/cfgvhbngthztvcfx34\/hr\/wp-json\/wp\/v2\/pages"}],"about":[{"href":"https:\/\/sunnyvacation365.com\/cfgvhbngthztvcfx34\/hr\/wp-json\/wp\/v2\/types\/page"}],"author":[{"embeddable":true,"href":"https:\/\/sunnyvacation365.com\/cfgvhbngthztvcfx34\/hr\/wp-json\/wp\/v2\/users\/1"}],"replies":[{"embeddable":true,"href":"https:\/\/sunnyvacation365.com\/cfgvhbngthztvcfx34\/hr\/wp-json\/wp\/v2\/comments?post=999"}],"version-history":[{"count":6,"href":"https:\/\/sunnyvacation365.com\/cfgvhbngthztvcfx34\/hr\/wp-json\/wp\/v2\/pages\/999\/revisions"}],"predecessor-version":[{"id":1848,"href":"https:\/\/sunnyvacation365.com\/cfgvhbngthztvcfx34\/hr\/wp-json\/wp\/v2\/pages\/999\/revisions\/1848"}],"wp:attachment":[{"href":"https:\/\/sunnyvacation365.com\/cfgvhbngthztvcfx34\/hr\/wp-json\/wp\/v2\/media?parent=999"}],"curies":[{"name":"wp","href":"https:\/\/api.w.org\/{rel}","templated":true}]}}